{"id":49,"date":"2024-06-04T18:57:30","date_gmt":"2024-06-04T18:57:30","guid":{"rendered":"https:\/\/markowe-reklamacje.pl\/?page_id=49"},"modified":"2025-04-01T13:25:37","modified_gmt":"2025-04-01T13:25:37","slug":"blog","status":"publish","type":"page","link":"https:\/\/markowe-reklamacje.pl\/index.php\/blog\/","title":{"rendered":"Blog"},"content":{"rendered":"\n<div class=\"wp-block-columns is-layout-flex wp-container-core-columns-is-layout-28f84493 wp-block-columns-is-layout-flex\">\n<div class=\"wp-block-column is-vertically-aligned-top is-layout-flow wp-block-column-is-layout-flow\">\n<pre class=\"wp-block-preformatted\"><a href=\"https:\/\/markowe-reklamacje.pl\/index.php\/czy-wiesz-ze-sprzedawca-musi-ci-zwrocic-koszty-mojej-opinii\/\"><img loading=\"lazy\" decoding=\"async\" width=\"300\" height=\"193\" class=\"wp-image-23\" style=\"width: 300px;\" src=\"http:\/\/markowe-reklamacje.pl\/wp-content\/uploads\/2024\/06\/stacks-2657993_1280.jpg\" alt=\"\" srcset=\"https:\/\/markowe-reklamacje.pl\/wp-content\/uploads\/2024\/06\/stacks-2657993_1280.jpg 1280w, https:\/\/markowe-reklamacje.pl\/wp-content\/uploads\/2024\/06\/stacks-2657993_1280-300x193.jpg 300w, https:\/\/markowe-reklamacje.pl\/wp-content\/uploads\/2024\/06\/stacks-2657993_1280-1024x660.jpg 1024w, https:\/\/markowe-reklamacje.pl\/wp-content\/uploads\/2024\/06\/stacks-2657993_1280-768x495.jpg 768w\" sizes=\"auto, (max-width: 300px) 100vw, 300px\" \/><br><\/a><\/pre>\n\n\n\n<h4 class=\"wp-block-heading\"><a href=\"https:\/\/markowe-reklamacje.pl\/index.php\/czy-wiesz-ze-sprzedawca-musi-ci-zwrocic-koszty-mojej-opinii\/\">Czy wiesz, \u017ce sprzedawca musi Ci zwr\u00f3ci\u0107 koszty mojej opinii?<\/a><\/h4>\n<\/div>\n\n\n\n<div class=\"wp-block-column is-layout-flow wp-block-column-is-layout-flow\">\n<div class=\"wp-block-columns is-layout-flex wp-container-core-columns-is-layout-28f84493 wp-block-columns-is-layout-flex\">\n<div class=\"wp-block-column is-layout-flow wp-block-column-is-layout-flow\" style=\"flex-basis:100%\">\n<div class=\"wp-block-group is-vertical is-layout-flex wp-container-core-group-is-layout-d6b9ab57 wp-block-group-is-layout-flex\">\n<div class=\"wp-block-group is-vertical is-layout-flex wp-container-core-group-is-layout-fe9cc265 wp-block-group-is-layout-flex\">\n<figure class=\"wp-block-image size-full\"><a href=\"https:\/\/markowe-reklamacje.pl\/index.php\/dlaczego-potrzebujesz-pomocy-specjalisty\/\"><img loading=\"lazy\" decoding=\"async\" width=\"600\" height=\"600\" src=\"https:\/\/markowe-reklamacje.pl\/wp-content\/uploads\/2024\/06\/neve-fse-img10-2-1.jpg\" alt=\"\" class=\"wp-image-80\" srcset=\"https:\/\/markowe-reklamacje.pl\/wp-content\/uploads\/2024\/06\/neve-fse-img10-2-1.jpg 600w, https:\/\/markowe-reklamacje.pl\/wp-content\/uploads\/2024\/06\/neve-fse-img10-2-1-300x300.jpg 300w, https:\/\/markowe-reklamacje.pl\/wp-content\/uploads\/2024\/06\/neve-fse-img10-2-1-150x150.jpg 150w\" sizes=\"auto, (max-width: 600px) 100vw, 600px\" \/><\/a><\/figure>\n\n\n\n<h4 class=\"wp-block-heading\"><a href=\"https:\/\/markowe-reklamacje.pl\/index.php\/dlaczego-potrzebujesz-pomocy-specjalisty\/\">Dlaczego potrzebujesz pomocy specjalisty?<\/a><\/h4>\n<\/div>\n<\/div>\n<\/div>\n<\/div>\n<\/div>\n\n\n\n<div class=\"wp-block-column is-layout-flow wp-block-column-is-layout-flow\">\n<figure class=\"wp-block-image size-large is-resized\"><a href=\"https:\/\/markowe-reklamacje.pl\/index.php\/co-moze-prowadzic-do-przedwczesnego-zuzycia-obuwia\/\"><img loading=\"lazy\" decoding=\"async\" width=\"1024\" height=\"748\" src=\"http:\/\/markowe-reklamacje.pl\/wp-content\/uploads\/2024\/07\/2fc23258382162e78d1ae31c8650be14_de2cb2538b6d9cddee681e28088f52be-1200x876-1-1024x748.jpg\" alt=\"\" class=\"wp-image-147\" style=\"width:166px;height:auto\" srcset=\"https:\/\/markowe-reklamacje.pl\/wp-content\/uploads\/2024\/07\/2fc23258382162e78d1ae31c8650be14_de2cb2538b6d9cddee681e28088f52be-1200x876-1-1024x748.jpg 1024w, https:\/\/markowe-reklamacje.pl\/wp-content\/uploads\/2024\/07\/2fc23258382162e78d1ae31c8650be14_de2cb2538b6d9cddee681e28088f52be-1200x876-1-300x219.jpg 300w, https:\/\/markowe-reklamacje.pl\/wp-content\/uploads\/2024\/07\/2fc23258382162e78d1ae31c8650be14_de2cb2538b6d9cddee681e28088f52be-1200x876-1-768x561.jpg 768w, https:\/\/markowe-reklamacje.pl\/wp-content\/uploads\/2024\/07\/2fc23258382162e78d1ae31c8650be14_de2cb2538b6d9cddee681e28088f52be-1200x876-1.jpg 1200w\" sizes=\"auto, (max-width: 1024px) 100vw, 1024px\" \/><\/a><\/figure>\n\n\n\n<h4 class=\"wp-block-heading\"><a href=\"https:\/\/markowe-reklamacje.pl\/index.php\/co-moze-prowadzic-do-przedwczesnego-zuzycia-obuwia\/\">Co mo\u017ce prowadzi\u0107 do przedwczesnego zu\u017cycia obuwia?<\/a><\/h4>\n<\/div>\n\n\n\n<div class=\"wp-block-column is-layout-flow wp-block-column-is-layout-flow\">\n<h4 class=\"wp-block-heading\"><a href=\"https:\/\/markowe-reklamacje.pl\/index.php\/jak-prawidlowo-czyscic-obuwie-sportowe\/\"><img loading=\"lazy\" decoding=\"async\" width=\"150\" height=\"150\" class=\"wp-image-156\" style=\"width: 150px;\" src=\"http:\/\/markowe-reklamacje.pl\/wp-content\/uploads\/2024\/07\/czyszczenie-2.jpg\" alt=\"\" srcset=\"https:\/\/markowe-reklamacje.pl\/wp-content\/uploads\/2024\/07\/czyszczenie-2.jpg 607w, https:\/\/markowe-reklamacje.pl\/wp-content\/uploads\/2024\/07\/czyszczenie-2-300x300.jpg 300w, https:\/\/markowe-reklamacje.pl\/wp-content\/uploads\/2024\/07\/czyszczenie-2-150x150.jpg 150w\" sizes=\"auto, (max-width: 150px) 100vw, 150px\" \/>Jak prawid\u0142owo czy\u015bci\u0107 obuwie sportowe?<\/a><\/h4>\n<\/div>\n<\/div>\n\n\n\n<p><\/p>\n\n\n\n<div class=\"wp-block-columns is-layout-flex wp-container-core-columns-is-layout-28f84493 wp-block-columns-is-layout-flex\">\n<div class=\"wp-block-column is-layout-flow wp-block-column-is-layout-flow\">\n<figure class=\"wp-block-embed is-type-wp-embed is-provider-markowe-reklamacje wp-block-embed-markowe-reklamacje\"><div class=\"wp-block-embed__wrapper\">\n<blockquote class=\"wp-embedded-content\" data-secret=\"dL8qZIuqiu\"><a href=\"https:\/\/markowe-reklamacje.pl\/index.php\/nieuczciwe-odrzucanie-reklamacji-zobacz-nasz-glos-w-reportazu-uwaga-tvn\/\">&#8222;Nieuczciwe odrzucanie reklamacji? Zobacz nasz g\u0142os w reporta\u017cu UWAGA! TVN&#8221;<\/a><\/blockquote><iframe loading=\"lazy\" class=\"wp-embedded-content\" sandbox=\"allow-scripts\" security=\"restricted\" style=\"position: absolute; visibility: hidden;\" title=\"&#8222;&#8222;Nieuczciwe odrzucanie reklamacji? Zobacz nasz g\u0142os w reporta\u017cu UWAGA! TVN&#8221;&#8221; &#8212; Markowe-reklamacje\" src=\"https:\/\/markowe-reklamacje.pl\/index.php\/nieuczciwe-odrzucanie-reklamacji-zobacz-nasz-glos-w-reportazu-uwaga-tvn\/embed\/#?secret=uKNh992RDT#?secret=dL8qZIuqiu\" data-secret=\"dL8qZIuqiu\" width=\"500\" height=\"282\" frameborder=\"0\" marginwidth=\"0\" marginheight=\"0\" scrolling=\"no\"><\/iframe>\n<\/div><\/figure>\n\n\n\n<figure class=\"wp-block-gallery has-nested-images columns-default is-cropped wp-block-gallery-1 is-layout-flex wp-block-gallery-is-layout-flex\"><\/figure>\n<\/div>\n\n\n\n<div class=\"wp-block-column is-layout-flow wp-block-column-is-layout-flow\"><\/div>\n\n\n\n<div class=\"wp-block-column is-layout-flow wp-block-column-is-layout-flow\"><\/div>\n<\/div>\n\n\n\n<h2 class=\"wp-block-heading\">Formularz testowy<\/h2>\n\n\n\n<div class=\"wpcf7 no-js\" id=\"wpcf7-f113-o1\" lang=\"pl-PL\" dir=\"ltr\" data-wpcf7-id=\"113\">\n<div class=\"screen-reader-response\"><p role=\"status\" aria-live=\"polite\" aria-atomic=\"true\"><\/p> <ul><\/ul><\/div>\n<form action=\"\/index.php\/wp-json\/wp\/v2\/pages\/49#wpcf7-f113-o1\" method=\"post\" class=\"wpcf7-form init\" aria-label=\"Formularz kontaktowy\" enctype=\"multipart\/form-data\" novalidate=\"novalidate\" data-status=\"init\">\n<fieldset class=\"hidden-fields-container\"><input type=\"hidden\" name=\"_wpcf7\" value=\"113\" \/><input type=\"hidden\" name=\"_wpcf7_version\" value=\"6.1.5\" \/><input type=\"hidden\" name=\"_wpcf7_locale\" value=\"pl_PL\" \/><input type=\"hidden\" name=\"_wpcf7_unit_tag\" value=\"wpcf7-f113-o1\" \/><input type=\"hidden\" name=\"_wpcf7_container_post\" value=\"0\" \/><input type=\"hidden\" name=\"_wpcf7_posted_data_hash\" value=\"\" \/>\n<\/fieldset>\n<p><label> Twoje imi\u0119 i nazwisko<br \/>\n<span class=\"wpcf7-form-control-wrap\" data-name=\"your-name\"><input size=\"40\" maxlength=\"400\" class=\"wpcf7-form-control wpcf7-text wpcf7-validates-as-required\" autocomplete=\"name\" aria-required=\"true\" aria-invalid=\"false\" value=\"\" type=\"text\" name=\"your-name\" \/><\/span> <\/label>\n<\/p>\n<p><label> Tw\u00f3j adres e-mail<br \/>\n<span class=\"wpcf7-form-control-wrap\" data-name=\"your-email\"><input size=\"40\" maxlength=\"400\" class=\"wpcf7-form-control wpcf7-email wpcf7-validates-as-required wpcf7-text wpcf7-validates-as-email\" autocomplete=\"email\" aria-required=\"true\" aria-invalid=\"false\" value=\"\" type=\"email\" name=\"your-email\" \/><\/span> <\/label>\n<\/p>\n<p><label> Tw\u00f3j numer telefonu<br \/>\n<span class=\"wpcf7-form-control-wrap\" data-name=\"tel-219\"><input size=\"40\" maxlength=\"400\" class=\"wpcf7-form-control wpcf7-tel wpcf7-text wpcf7-validates-as-tel\" aria-invalid=\"false\" value=\"\" type=\"tel\" name=\"tel-219\" \/><\/span> <\/label>\n<\/p>\n<p><label> Temat<br \/>\n<span class=\"wpcf7-form-control-wrap\" data-name=\"your-subject\"><input size=\"40\" maxlength=\"400\" class=\"wpcf7-form-control wpcf7-text wpcf7-validates-as-required\" aria-required=\"true\" aria-invalid=\"false\" value=\"\" type=\"text\" name=\"your-subject\" \/><\/span> <\/label>\n<\/p>\n<p><span class=\"wpcf7-form-control-wrap\" data-name=\"Photo1\"><input size=\"40\" class=\"wpcf7-form-control wpcf7-file wpcf7-validates-as-required Klasa 1\" id=\"Zdjcie1\" accept=\".jpg\" aria-required=\"true\" aria-invalid=\"false\" type=\"file\" name=\"Photo1\" \/><\/span>\n<\/p>\n<p><label> Twoja wiadomo\u015bci (opcjonalne)<br \/>\n<span class=\"wpcf7-form-control-wrap\" data-name=\"your-message\"><textarea cols=\"40\" rows=\"10\" maxlength=\"2000\" class=\"wpcf7-form-control wpcf7-textarea\" aria-invalid=\"false\" name=\"your-message\"><\/textarea><\/span> <\/label>\n<\/p>\n<p><span class=\"wpcf7-form-control-wrap\" data-name=\"acceptance-534\"><span class=\"wpcf7-form-control wpcf7-acceptance optional\"><span class=\"wpcf7-list-item\"><label><input type=\"checkbox\" name=\"acceptance-534\" value=\"1\" aria-invalid=\"false\" \/><span class=\"wpcf7-list-item-label\">Wyra\u017cam zgod\u0119 na przetwarzanie podanych w formularzu danych<\/span><\/label><\/span><\/span><\/span>\n<\/p>\n<p><input class=\"wpcf7-form-control wpcf7-submit has-spinner\" type=\"submit\" value=\"Wy\u015blij\" \/>\n<\/p><p style=\"display: none !important;\" class=\"akismet-fields-container\" data-prefix=\"_wpcf7_ak_\"><label>&#916;<textarea name=\"_wpcf7_ak_hp_textarea\" cols=\"45\" rows=\"8\" maxlength=\"100\"><\/textarea><\/label><input type=\"hidden\" id=\"ak_js_1\" name=\"_wpcf7_ak_js\" value=\"98\"\/><script>document.getElementById( \"ak_js_1\" ).setAttribute( \"value\", ( new Date() ).getTime() );<\/script><\/p><div class=\"wpcf7-response-output\" aria-hidden=\"true\"><\/div>\n<\/form>\n<\/div>\n\n","protected":false},"excerpt":{"rendered":"<p>Czy wiesz, \u017ce sprzedawca musi Ci zwr\u00f3ci\u0107 koszty mojej opinii? Dlaczego potrzebujesz pomocy specjalisty? Co mo\u017ce prowadzi\u0107 do przedwczesnego zu\u017cycia obuwia? Jak prawid\u0142owo czy\u015bci\u0107 obuwie sportowe? Formularz testowy<\/p>\n","protected":false},"author":1,"featured_media":0,"parent":0,"menu_order":0,"comment_status":"closed","ping_status":"closed","template":"","meta":{"footnotes":""},"class_list":["post-49","page","type-page","status-publish","hentry"],"_links":{"self":[{"href":"https:\/\/markowe-reklamacje.pl\/index.php\/wp-json\/wp\/v2\/pages\/49","targetHints":{"allow":["GET"]}}],"collection":[{"href":"https:\/\/markowe-reklamacje.pl\/index.php\/wp-json\/wp\/v2\/pages"}],"about":[{"href":"https:\/\/markowe-reklamacje.pl\/index.php\/wp-json\/wp\/v2\/types\/page"}],"author":[{"embeddable":true,"href":"https:\/\/markowe-reklamacje.pl\/index.php\/wp-json\/wp\/v2\/users\/1"}],"replies":[{"embeddable":true,"href":"https:\/\/markowe-reklamacje.pl\/index.php\/wp-json\/wp\/v2\/comments?post=49"}],"version-history":[{"count":14,"href":"https:\/\/markowe-reklamacje.pl\/index.php\/wp-json\/wp\/v2\/pages\/49\/revisions"}],"predecessor-version":[{"id":180,"href":"https:\/\/markowe-reklamacje.pl\/index.php\/wp-json\/wp\/v2\/pages\/49\/revisions\/180"}],"wp:attachment":[{"href":"https:\/\/markowe-reklamacje.pl\/index.php\/wp-json\/wp\/v2\/media?parent=49"}],"curies":[{"name":"wp","href":"https:\/\/api.w.org\/{rel}","templated":true}]}}