{"id":36,"date":"2024-06-04T18:47:08","date_gmt":"2024-06-04T18:47:08","guid":{"rendered":"https:\/\/markowe-reklamacje.pl\/?page_id=36"},"modified":"2024-06-16T19:14:01","modified_gmt":"2024-06-16T19:14:01","slug":"dla-konsumenta","status":"publish","type":"page","link":"https:\/\/markowe-reklamacje.pl\/index.php\/dla-konsumenta\/","title":{"rendered":"Dla konsumenta"},"content":{"rendered":"\n<p>Konsumenci powinni rozwa\u017cy\u0107 skorzystanie z pomocy specjalist\u00f3w w przypadku odrzuconych reklamacji z kilku powod\u00f3w:<\/p>\n\n\n\n<ol class=\"wp-block-list\">\n<li><strong>Znajomo\u015b\u0107 przepis\u00f3w i praw konsumenckich:<\/strong> Specjali\u015bci, tacy jak ja specjalizuj\u0105cy si\u0119 w prawie konsumenckim, maj\u0105 g\u0142\u0119bok\u0105 wiedz\u0119 na temat przepis\u00f3w i praw, kt\u00f3re chroni\u0105 konsument\u00f3w. Dzi\u0119ki temu s\u0105 w stanie dok\u0142adnie oceni\u0107, czy reklamacja zosta\u0142a odrzucona zgodnie z obowi\u0105zuj\u0105cymi przepisami, czy te\u017c nie.<\/li>\n\n\n\n<li><strong>Do\u015bwiadczenie w negocjacjach:<\/strong> Specjali\u015bci mog\u0105 mie\u0107 do\u015bwiadczenie w negocjacjach z firmami oraz w prowadzeniu spor\u00f3w. Potrafi\u0105 skutecznie reprezentowa\u0107 interesy konsumenta, staraj\u0105c si\u0119 uzyska\u0107 jak najlepszy wynik, na przyk\u0142ad poprzez mediacj\u0119 lub inne formy rozwi\u0105zywania spor\u00f3w.<\/li>\n\n\n\n<li><strong>Ochrona praw konsumenta:<\/strong> Pomoc specjalist\u00f3w mo\u017ce pom\u00f3c w zapewnieniu, \u017ce prawa konsumenta s\u0105 przestrzegane. Czasami firmy mog\u0105 odrzuca\u0107 reklamacje nies\u0142usznie, licz\u0105c na to, \u017ce konsument zrezygnuje. Specjali\u015bci mog\u0105 pom\u00f3c w przekonaniu firmy do zmiany decyzji lub nawet skutecznym wyst\u0105pieniu na drog\u0119 s\u0105dow\u0105, je\u015bli jest to konieczne.<\/li>\n\n\n\n<li><strong>Znalezienie alternatywnych rozwi\u0105za\u0144:<\/strong> Specjali\u015bci mog\u0105 r\u00f3wnie\u017c pom\u00f3c konsumentowi w znalezieniu alternatywnych sposob\u00f3w rozwi\u0105zania problemu, na przyk\u0142ad poprzez uzyskanie zwrotu pieni\u0119dzy, wymian\u0119 towaru na nowy lub inne korzystne rozwi\u0105zanie.<\/li>\n<\/ol>\n\n\n\n<p>Podsumowuj\u0105c, korzystanie z pomocy specjalist\u00f3w w przypadku odrzuconych reklamacji mo\u017ce by\u0107 kluczowe dla skutecznego obrony praw konsumenta oraz uzyskania sprawiedliwego rozwi\u0105zania problemu z firm\u0105. Specjali\u015bci nie tylko dysponuj\u0105 odpowiedni\u0105 wiedz\u0105 prawn\u0105, ale tak\u017ce potrafi\u0105 skutecznie reprezentowa\u0107 interesy konsument\u00f3w w negocjacjach i sporach.<\/p>\n","protected":false},"excerpt":{"rendered":"<p>Konsumenci powinni rozwa\u017cy\u0107 skorzystanie z pomocy specjalist\u00f3w w przypadku odrzuconych reklamacji z kilku powod\u00f3w: Podsumowuj\u0105c, korzystanie z pomocy specjalist\u00f3w w przypadku odrzuconych reklamacji mo\u017ce by\u0107 kluczowe dla skutecznego obrony praw konsumenta oraz uzyskania sprawiedliwego rozwi\u0105zania problemu z firm\u0105. Specjali\u015bci nie tylko dysponuj\u0105 odpowiedni\u0105 wiedz\u0105 prawn\u0105, ale tak\u017ce potrafi\u0105 skutecznie reprezentowa\u0107 interesy konsument\u00f3w w negocjacjach i [&hellip;]<\/p>\n","protected":false},"author":1,"featured_media":0,"parent":0,"menu_order":0,"comment_status":"closed","ping_status":"closed","template":"","meta":{"footnotes":""},"class_list":["post-36","page","type-page","status-publish","hentry"],"_links":{"self":[{"href":"https:\/\/markowe-reklamacje.pl\/index.php\/wp-json\/wp\/v2\/pages\/36","targetHints":{"allow":["GET"]}}],"collection":[{"href":"https:\/\/markowe-reklamacje.pl\/index.php\/wp-json\/wp\/v2\/pages"}],"about":[{"href":"https:\/\/markowe-reklamacje.pl\/index.php\/wp-json\/wp\/v2\/types\/page"}],"author":[{"embeddable":true,"href":"https:\/\/markowe-reklamacje.pl\/index.php\/wp-json\/wp\/v2\/users\/1"}],"replies":[{"embeddable":true,"href":"https:\/\/markowe-reklamacje.pl\/index.php\/wp-json\/wp\/v2\/comments?post=36"}],"version-history":[{"count":2,"href":"https:\/\/markowe-reklamacje.pl\/index.php\/wp-json\/wp\/v2\/pages\/36\/revisions"}],"predecessor-version":[{"id":98,"href":"https:\/\/markowe-reklamacje.pl\/index.php\/wp-json\/wp\/v2\/pages\/36\/revisions\/98"}],"wp:attachment":[{"href":"https:\/\/markowe-reklamacje.pl\/index.php\/wp-json\/wp\/v2\/media?parent=36"}],"curies":[{"name":"wp","href":"https:\/\/api.w.org\/{rel}","templated":true}]}}