{"id":146,"date":"2024-07-15T18:59:56","date_gmt":"2024-07-15T18:59:56","guid":{"rendered":"https:\/\/markowe-reklamacje.pl\/?page_id=146"},"modified":"2024-07-15T18:59:56","modified_gmt":"2024-07-15T18:59:56","slug":"co-moze-prowadzic-do-przedwczesnego-zuzycia-obuwia","status":"publish","type":"page","link":"https:\/\/markowe-reklamacje.pl\/index.php\/co-moze-prowadzic-do-przedwczesnego-zuzycia-obuwia\/","title":{"rendered":"Co mo\u017ce prowadzi\u0107 do przedwczesnego zu\u017cycia obuwia?"},"content":{"rendered":"\n<figure class=\"wp-block-gallery has-nested-images columns-default is-cropped wp-block-gallery-1 is-layout-flex wp-block-gallery-is-layout-flex\">\n<figure class=\"wp-block-image size-large\"><img loading=\"lazy\" decoding=\"async\" width=\"1024\" height=\"748\" data-id=\"147\" src=\"https:\/\/markowe-reklamacje.pl\/wp-content\/uploads\/2024\/07\/2fc23258382162e78d1ae31c8650be14_de2cb2538b6d9cddee681e28088f52be-1200x876-1-1024x748.jpg\" alt=\"\" class=\"wp-image-147\" srcset=\"https:\/\/markowe-reklamacje.pl\/wp-content\/uploads\/2024\/07\/2fc23258382162e78d1ae31c8650be14_de2cb2538b6d9cddee681e28088f52be-1200x876-1-1024x748.jpg 1024w, https:\/\/markowe-reklamacje.pl\/wp-content\/uploads\/2024\/07\/2fc23258382162e78d1ae31c8650be14_de2cb2538b6d9cddee681e28088f52be-1200x876-1-300x219.jpg 300w, https:\/\/markowe-reklamacje.pl\/wp-content\/uploads\/2024\/07\/2fc23258382162e78d1ae31c8650be14_de2cb2538b6d9cddee681e28088f52be-1200x876-1-768x561.jpg 768w, https:\/\/markowe-reklamacje.pl\/wp-content\/uploads\/2024\/07\/2fc23258382162e78d1ae31c8650be14_de2cb2538b6d9cddee681e28088f52be-1200x876-1.jpg 1200w\" sizes=\"auto, (max-width: 1024px) 100vw, 1024px\" \/><\/figure>\n<\/figure>\n\n\n\n<p>Kupuj\u0105c nowe buty, zazwyczaj chcemy, aby s\u0142u\u017cy\u0142y nam jak najd\u0142u\u017cej. Niestety, wiele os\u00f3b nie zdaje sobie sprawy z tego, \u017ce nieodpowiednie u\u017cytkowanie obuwia mo\u017ce prowadzi\u0107 do jego przedwczesnego zniszczenia. Oto kilka najcz\u0119stszych przyczyn, kt\u00f3re mog\u0105 skutkowa\u0107 odrzuceniem reklamacji:<\/p>\n\n\n\n<ol class=\"wp-block-list\">\n<li><strong>Pranie lub moczenie obuwia w zbyt wysokiej temperaturze<\/strong>\n<ul class=\"wp-block-list\">\n<li>Pranie obuwia, zw\u0142aszcza w temperaturze powy\u017cej 40 stopni Celsjusza, mo\u017ce prowadzi\u0107 do uszkodzenia materia\u0142\u00f3w, z kt\u00f3rych s\u0105 wykonane buty.<\/li>\n<\/ul>\n<\/li>\n\n\n\n<li><strong>Nara\u017cenie na wysokie temperatury<\/strong>\n<ul class=\"wp-block-list\">\n<li>Buty pozostawione na s\u0142o\u0144cu (np. na silnie nas\u0142onecznionym balkonie) lub suszone w pobli\u017cu \u017ar\u00f3de\u0142 ciep\u0142a mog\u0105 si\u0119 odkszta\u0142ci\u0107 i spowodowa\u0107 nieodwracalne zmiany dewastacyjne.<\/li>\n<\/ul>\n<\/li>\n\n\n\n<li><strong>Kontakt z nieodpowiednimi substancjami<\/strong>\n<ul class=\"wp-block-list\">\n<li>Nara\u017cenie obuwia na dzia\u0142anie substancji chemicznych, takich jak rozpuszczalniki czy substancje ropopochodne, mo\u017ce prowadzi\u0107 do jego zniszczenia.<\/li>\n<\/ul>\n<\/li>\n\n\n\n<li><strong>U\u017cytkowanie obuwia niedopasowanego do st\u00f3p<\/strong>\n<ul class=\"wp-block-list\">\n<li>Buty, kt\u00f3re s\u0105 \u017ale dobrane pod wzgl\u0119dem kszta\u0142tu i wielko\u015bci, mog\u0105 prowadzi\u0107 do deformacji, przetarcia lub rozerwania materia\u0142u.<\/li>\n<\/ul>\n<\/li>\n\n\n\n<li><strong>Niew\u0142a\u015bciwe przeznaczenie obuwia<\/strong>\n<ul class=\"wp-block-list\">\n<li>Korzystanie z but\u00f3w niezgodnie z ich przeznaczeniem, je\u017celi ma to bezpo\u015bredni wp\u0142yw na powstanie wad, mo\u017ce spowodowa\u0107 ich szybsze zu\u017cycie.<\/li>\n<\/ul>\n<\/li>\n\n\n\n<li><strong>Nieodpowiednie zak\u0142adanie i zdejmowanie obuwia<\/strong>\n<ul class=\"wp-block-list\">\n<li>Zak\u0142adanie i zdejmowanie zasznurowanych lub zapi\u0119tych but\u00f3w, a tak\u017ce noszenie obuwia nieprawid\u0142owo opi\u0119tych na stopach, mo\u017ce prowadzi\u0107 do uszkodze\u0144.<\/li>\n<\/ul>\n<\/li>\n\n\n\n<li><strong>Brak odpowiedniej konserwacji<\/strong>\n<ul class=\"wp-block-list\">\n<li>Niew\u0142a\u015bciwa konserwacja oraz nieodpowiednia cz\u0119stotliwo\u015b\u0107 czyszczenia obuwia przy intensywnym u\u017cytkowaniu mo\u017ce prowadzi\u0107 do szybszego zu\u017cycia i powstawania zabrudze\u0144.<\/li>\n<\/ul>\n<\/li>\n\n\n\n<li><strong>Uszkodzenia mechaniczne<\/strong>\n<ul class=\"wp-block-list\">\n<li>Obuwie uszkodzone w wyniku kontaktu z przeszkodami, czy nier\u00f3wno\u015bciami pod\u0142o\u017ca, mo\u017ce traci\u0107 swoje w\u0142a\u015bciwo\u015bci. W\u00f3wczas takie wady powsta\u0142e z ryzykiem uszkodzenia lub utraty wyrobu nie podlegaj\u0105 reklamacji.<\/li>\n<\/ul>\n<\/li>\n<\/ol>\n\n\n\n<p>Dbanie o obuwie zgodnie z powy\u017cszymi wskaz\u00f3wkami mo\u017ce znacz\u0105co przed\u0142u\u017cy\u0107 jego \u017cywotno\u015b\u0107. Pami\u0119tajmy, \u017ce nie tylko wygl\u0105d but\u00f3w, ale i ich funkcjonalno\u015b\u0107 zale\u017c\u0105 od tego, jak je u\u017cytkujemy i piel\u0119gnujemy. Zachowanie odpowiednich nawyk\u00f3w pomo\u017ce nam cieszy\u0107 si\u0119 obuwiem przez d\u0142ugi czas.<\/p>\n","protected":false},"excerpt":{"rendered":"<p>Kupuj\u0105c nowe buty, zazwyczaj chcemy, aby s\u0142u\u017cy\u0142y nam jak najd\u0142u\u017cej. Niestety, wiele os\u00f3b nie zdaje sobie sprawy z tego, \u017ce nieodpowiednie u\u017cytkowanie obuwia mo\u017ce prowadzi\u0107 do jego przedwczesnego zniszczenia. Oto kilka najcz\u0119stszych przyczyn, kt\u00f3re mog\u0105 skutkowa\u0107 odrzuceniem reklamacji: Dbanie o obuwie zgodnie z powy\u017cszymi wskaz\u00f3wkami mo\u017ce znacz\u0105co przed\u0142u\u017cy\u0107 jego \u017cywotno\u015b\u0107. Pami\u0119tajmy, \u017ce nie tylko wygl\u0105d [&hellip;]<\/p>\n","protected":false},"author":1,"featured_media":0,"parent":0,"menu_order":0,"comment_status":"closed","ping_status":"closed","template":"","meta":{"footnotes":""},"class_list":["post-146","page","type-page","status-publish","hentry"],"_links":{"self":[{"href":"https:\/\/markowe-reklamacje.pl\/index.php\/wp-json\/wp\/v2\/pages\/146","targetHints":{"allow":["GET"]}}],"collection":[{"href":"https:\/\/markowe-reklamacje.pl\/index.php\/wp-json\/wp\/v2\/pages"}],"about":[{"href":"https:\/\/markowe-reklamacje.pl\/index.php\/wp-json\/wp\/v2\/types\/page"}],"author":[{"embeddable":true,"href":"https:\/\/markowe-reklamacje.pl\/index.php\/wp-json\/wp\/v2\/users\/1"}],"replies":[{"embeddable":true,"href":"https:\/\/markowe-reklamacje.pl\/index.php\/wp-json\/wp\/v2\/comments?post=146"}],"version-history":[{"count":1,"href":"https:\/\/markowe-reklamacje.pl\/index.php\/wp-json\/wp\/v2\/pages\/146\/revisions"}],"predecessor-version":[{"id":148,"href":"https:\/\/markowe-reklamacje.pl\/index.php\/wp-json\/wp\/v2\/pages\/146\/revisions\/148"}],"wp:attachment":[{"href":"https:\/\/markowe-reklamacje.pl\/index.php\/wp-json\/wp\/v2\/media?parent=146"}],"curies":[{"name":"wp","href":"https:\/\/api.w.org\/{rel}","templated":true}]}}